{"id":267,"date":"2019-11-02T15:26:42","date_gmt":"2019-11-02T15:26:42","guid":{"rendered":"https:\/\/www.flightradarlive.com\/home\/"},"modified":"2023-11-20T14:08:20","modified_gmt":"2023-11-20T14:08:20","slug":"home","status":"publish","type":"page","link":"https:\/\/www.flightradarlive.com\/de\/","title":{"rendered":"Flight Radar Live &#8211; Online Flug Tracker"},"content":{"rendered":"<section class=\"wpb-content-wrapper\"><p>[vc_row][vc_column][vc_column_text]<ins class=\"adsbygoogle\"\r\n     style=\"display:block; text-align:center;\"\r\n     data-ad-layout=\"in-article\"\r\n     data-ad-format=\"fluid\"\r\n     data-ad-client=\"ca-pub-3990851190258371\"\r\n     data-ad-slot=\"2096220301\"><\/ins>\r\n<script>\r\n     (ads = window.adsbygoogle || []).push({});\r\n<\/script>[\/vc_column_text][\/vc_column][\/vc_row][vc_row][vc_column][vc_column_text]Sieh dir den aktuellen Luftverkehr an und erfahre, welche Flugzeuge gerade in der Luft sind. Verfolge einen Flug live auf dem Radar und erhalte Informationen zum aktuellen Flugstatus. Mit dem Online Flugtracker kannst du ganz einfach alle Fl\u00fcge rund um den Globus live verfolgen. Egal, ob du einen Inlandsflug tracen willst oder ein Flugzeug \u00fcber den Atlantik &#8211; Flugverfolgungsanwendungen wie Flightradar24 und Flightaware machen es mit nur einen Klick m\u00f6glich, einen Flug live zu verfolgen.<br \/>\nVerfolge einen Flug in Echtzeit auf der Live-Flugradarkarte und bleib immer \u00fcber den aktuellen Flugstatus informiert. Flightradar zeigt dir die genaue Position eines Flugzeuges: weltweit, live und kostenlos. Verfolge jeden Flug vom Start bis zur Landung und beobachte den aktuellen Flugverkehr.[\/vc_column_text][vc_btn title=&#8220;Zum Live Flugradar&#8220; color=&#8220;primary&#8220; size=&#8220;lg&#8220; link=&#8220;url:https%3A%2F%2Fwww.flightradarlive.com%2Fde%2Flive&#8220;][vc_column_text]<ins class=\"adsbygoogle\"\r\n     style=\"display:block; text-align:center;\"\r\n     data-ad-layout=\"in-article\"\r\n     data-ad-format=\"fluid\"\r\n     data-ad-client=\"ca-pub-3990851190258371\"\r\n     data-ad-slot=\"2096220301\"><\/ins>\r\n<script>\r\n     (ads = window.adsbygoogle || []).push({});\r\n<\/script>[\/vc_column_text][vc_column_text]Erfahre, wie die Flugverfolgung mit Flightradar funktioniert und geben dir einen \u00dcberblick dar\u00fcber, wie du einen Flug live verfolgen und alle Flugbewegungen beobachten kannst.[\/vc_column_text][vc_column_text]<\/p>\n<h2>Flugverfolgung Live: Weltweit und kostenlos einen Flug tracken<\/h2>\n<p>Der weltweite Reiseverkehr, sei es aus privaten oder beruflichen Gr\u00fcnden, nimmt j\u00e4hrlich stark zu. Flugreisen sind der schnellste und bequemste Weg, um in entfernte L\u00e4nder zu reisen. Kein Wunder, dass der Verkehr in der Luft fast genauso dicht ist, wie auf den Stra\u00dfen. Damit wir auf den Flug bestm\u00f6glich vorbereitet sind, planen wir unsere Reise sorgf\u00e4ltig und holen uns m\u00f6glichst viele Informationen ein. Die Flugverfolgung und der aktuelle Flugstatus liefern uns wichtige Informationen &#8211; wie z.B. Flugrouten, die Position eines Flugzeuges, Flughafeninformationen, Abflug- und Ankunftszeiten und vieles mehr.<\/p>\n<p>Live-Flugradar-Tools erm\u00f6glichen es, \u00fcber den aktuellen Flugstatus, Flug- und Flughafeninformationen auf dem Laufenden zu bleiben. Das ist zum Beispiel sehr n\u00fctzlich, wenn man einen Anschlussflug rechtzeitig erreichen muss, schnell Infos zum Flugstatus ben\u00f6tigt und wissen m\u00f6chte, ob ein Flug versp\u00e4tet ist oder annulliert wurde. Wenn man jemanden vom Flughafen abholen m\u00f6chte, zeigt die Flugverfolgung wichtige Details, damit auch alles reibungslos und p\u00fcnktlich verl\u00e4uft. Der kostenlose Live-Radar-Tracker liefert alle wichtigen Flughafen- und Fluginformationen und erm\u00f6glicht es, einen Flug live zu verfolgen.<\/p>\n<p>[\/vc_column_text][\/vc_column][\/vc_row][vc_row el_id=&#8220;live&#8220;][vc_column][vc_column_text]<ins class=\"adsbygoogle\"\r\n     style=\"display:block; text-align:center;\"\r\n     data-ad-layout=\"in-article\"\r\n     data-ad-format=\"fluid\"\r\n     data-ad-client=\"ca-pub-3990851190258371\"\r\n     data-ad-slot=\"2096220301\"><\/ins>\r\n<script>\r\n     (ads = window.adsbygoogle || []).push({});\r\n<\/script>[\/vc_column_text][vc_column_text]<div style=\"margin:5px 0;\"><div id=\"framesize2\" style=\"overflow: hidden!important; height: 280px; background: #fff url(https:\/\/www.flightradarlive.com\/wp-content\/uploads\/2019\/11\/Bildschirmfoto-2019-11-13-um-18.37.10.png) center center no-repeat;\"><div id=\"showhere2\"><\/div><div style=\"margin:0 auto;width:81px;margin-top:110px;\"><span class=\"btn btn-primary\" id=\"showradar2\" rel=\"nofollow\">START <i class=\"fa fa-plane\" aria-hidden=\"true\"><\/i><\/span><\/div><\/div><\/div>[\/vc_column_text][vc_column_text]<ins class=\"adsbygoogle\"\r\n     style=\"display:block; text-align:center;\"\r\n     data-ad-layout=\"in-article\"\r\n     data-ad-format=\"fluid\"\r\n     data-ad-client=\"ca-pub-3990851190258371\"\r\n     data-ad-slot=\"2096220301\"><\/ins>\r\n<script>\r\n     (ads = window.adsbygoogle || []).push({});\r\n<\/script>[\/vc_column_text][\/vc_column][\/vc_row][vc_row][vc_column][vc_column_text]<\/p>\n<h2>Einen Flug live verfolgen: So funktioniert&#8217;s<\/h2>\n<p>Mit dem Flugradar k\u00f6nnen alle aktuellen Fl\u00fcge live verfolgt werden &#8211; vom Start bis zur Landung. Klicke einfach auf ein Flugzeug auf der Karte und starte deine live Flugverfolgung. Sei es ein kommerzieller Flug, der Flug einer bestimmten Fluggesellschaft oder ein Privatjet &#8211; Flightradar Live erm\u00f6glicht es, jeden aktuellen Flug in Echtzeit zu verfolgen. Erhalte n\u00fctzliche Fluginfos wie den aktuellen Flugstatus oder die genaue Flugzeugposition und beobachte live den weltweiten Flugverkehr. Mit einem Klick auf eines der Flugzeugsymbole in der Live-Flugradar-Karte, erh\u00e4ltst du alle Informationen \u00fcber die aktuellen Flugposition, die genaue Flugroute, die durchschnittliche Reisezeit, Details zum Start- und Zielflughafen und vieles mehr.<\/p>\n<p>Flugverfolgung funktioniert mittels sogenannter ADS-B-Technologie (Automatic Dependent Surveillance Broadcast), die live die Position und Bewegung eines Flugzeuges erfasst. Dadurch werden Informationen zur Geschwindigkeit, H\u00f6he und sonstige Details geliefert. Flightradar24, Radarbox und sonstige Flugtracking-Anbieter verf\u00fcgen \u00fcber ein weltweites Netz von Receivern, um all diese Daten zu sammeln, wenn ein Flug mit dem Live-Flugradar verfolgt wird. Jeder dieser Receiver verf\u00fcgt \u00fcber eine ADS-B-Antenne, einen kleinen Computer und eine GPS-Antenne. Derzeit gibt es mehr als 16.000 ADS-Empf\u00e4nger von Flighradar24 auf der ganzen Welt. Die nahezu globale Abdeckung erlaubt es, einen Gro\u00dfteil der Fl\u00fcge live zu verfolgen. Aus Datenschutzgr\u00fcnden und der Betriebssicherheit sind Privatjets und Milit\u00e4rflugzeuge weitgehend nicht sichtbar. Die Angaben zu diesen Fl\u00fcgen werden zensiert oder aus der Datenbank entfernt. Daher ist es nicht m\u00f6glich, einen Air Force One- oder Pr\u00e4sidentenflug auf dem Flugradar zu sehen.[\/vc_column_text][vc_column_text]<ins class=\"adsbygoogle\"\r\n     style=\"display:block; text-align:center;\"\r\n     data-ad-layout=\"in-article\"\r\n     data-ad-format=\"fluid\"\r\n     data-ad-client=\"ca-pub-3990851190258371\"\r\n     data-ad-slot=\"2096220301\"><\/ins>\r\n<script>\r\n     (ads = window.adsbygoogle || []).push({});\r\n<\/script>[\/vc_column_text][vc_column_text]<\/p>\n<p><strong>Airline:<\/strong> Wenn du die Daten der Fluggesellschaft in Flugverfolgungsanwendungen wie Flightradar24, FlightAware oder Radarbox eingibst, erh\u00e4ltst du alle Details zu deinem Flug und siehst die genaue Position des Flugzeuges auf der Live-Radarkarte.<\/p>\n<p><strong>Datum:<\/strong> Du kannst auch Fl\u00fcge nach Datum filtern. Das ist besonders hilfreich, wenn du bereits vergangene Fl\u00fcge sehen m\u00f6chtest.<\/p>\n<p><strong>Route:\u00a0<\/strong>Dies erm\u00f6glicht es dir, alle Fl\u00fcge einer bestimmten Flugstrecke zu sehen.<\/p>\n<p><strong>Aircraft Registration:<\/strong> Die Flugzeugregistrierung ist ein eindeutiger Code eines Flugzeuges. Durch Eingabe der Registrierungsnummer werden genaue Informationen \u00fcber die Fl\u00fcge eines bestimmten Flugzeuges geliefert.<\/p>\n<p><strong>Airport Code:<\/strong> Der Flughafencode, auch bekannt als IATA, ist die Identifikation eines\u00a0 Flughafens. Durch die Eingabe der IATA erh\u00e4ltst du alle Infos zu einem bestimmten Flughafen.[\/vc_column_text][vc_column_text]<ins class=\"adsbygoogle\"\r\n     style=\"display:block; text-align:center;\"\r\n     data-ad-layout=\"in-article\"\r\n     data-ad-format=\"fluid\"\r\n     data-ad-client=\"ca-pub-3990851190258371\"\r\n     data-ad-slot=\"2096220301\"><\/ins>\r\n<script>\r\n     (ads = window.adsbygoogle || []).push({});\r\n<\/script>[\/vc_column_text][vc_column_text]<\/p>\n<h2>Flugtracker: Behalte alle Infos im Blick<\/h2>\n<p>Verfolge jeden Flug und pr\u00fcfe den aktuellen Flugstatus f\u00fcr ankommende und abfliegende Flugzeuge. Mit dem Flugradar bist du immer bestens \u00fcber jeden Flug, die aktuelle Flugzeugposition und viele weitere n\u00fctzliche Details informiert. Verfolge einen Lufthansa Flug live oder jede andere beliebige Fluggesellschaft wie Emirates, Air France, American Airlines, Delta oder KLM. Der Echtzeit Flugradar erm\u00f6glicht es, alle Fl\u00fcge weltweit zu verfolgen. Sei es ein Flug \u00fcber Deutschland, Europa, die USA oder \u00fcber dem Atlantik &#8211; mit dem kostenlosen Online Flugradar ist die Flugverfolgung spielend einfach m\u00f6glich.<\/p>\n<p>Mit der Live Flugverfolgung kannst du mit nur wenigen Klicks alle n\u00fctzlichen Details und Informationen herausfinden. Flightradar24 und viele andere Flugradar-Anbieter liefern folgende Informationen:<\/p>\n<ul>\n<li>Ankunftzeit eines Fluges<\/li>\n<li>Abflugzeit eines Fluges<\/li>\n<li>die genaue Position eines Flugzeuges in Echtzeit<\/li>\n<li>die Geschwindigkeit eines Flugzeuges<\/li>\n<li>die Flugh\u00f6he<\/li>\n<li>die Flugroute<\/li>\n<li>Gate-Zuweisungen und -\u00c4nderungen<\/li>\n<li>Flugversp\u00e4tungen und Annullierungen<\/li>\n<li>Wetterbedingungen<\/li>\n<li>die durchschnittliche Reisezeit<\/li>\n<li>Informationen zur Fluggesellschaft<\/li>\n<li>den Flugzeugtyp<\/li>\n<\/ul>\n<p>[\/vc_column_text][vc_column_text]<ins class=\"adsbygoogle\"\r\n     style=\"display:block; text-align:center;\"\r\n     data-ad-layout=\"in-article\"\r\n     data-ad-format=\"fluid\"\r\n     data-ad-client=\"ca-pub-3990851190258371\"\r\n     data-ad-slot=\"2096220301\"><\/ins>\r\n<script>\r\n     (ads = window.adsbygoogle || []).push({});\r\n<\/script>[\/vc_column_text][\/vc_column][\/vc_row][vc_row][vc_column][vc_column_text]<\/p>\n<h3>Aktueller Flugverkehr &amp; Flugbewegungen in Echtzeit<\/h3>\n<p>Verfolge deinen Flug jetzt mit dem Live-Flugradar. Navigiere auf der Karte, klicke auf ein Flugzeug und starte deine Flugverfolgung in Echzeit vom Abflug bis zur Landung. Erhalte Fluginformationen in Echtzeit und blieb immer auf dem Laufenden \u00fcber den aktuellen Flugstatus des ausgew\u00e4hlten Fluges.[\/vc_column_text][\/vc_column][\/vc_row]<\/p>\n<\/section>","protected":false},"excerpt":{"rendered":"<p>[vc_row][vc_column][vc_column_text][\/vc_column_text][\/vc_column][\/vc_row][vc_row][vc_column][vc_column_text]Sieh dir den aktuellen Luftverkehr an und erfahre, welche Flugzeuge gerade in der Luft sind. Verfolge einen Flug live auf dem Radar und erhalte Informationen zum aktuellen Flugstatus. Mit dem &#8230;<\/p>\n","protected":false},"author":1,"featured_media":0,"parent":0,"menu_order":0,"comment_status":"closed","ping_status":"open","template":"","meta":{"footnotes":""},"class_list":["post-267","page","type-page","status-publish","hentry"],"yoast_head":"<!-- This site is optimized with the Yoast SEO plugin v27.5 - https:\/\/yoast.com\/product\/yoast-seo-wordpress\/ -->\n<title>Live Flugverfolgung \u1405 Echtzeit Flugradar &amp; Flugverfolgung<\/title>\n<meta name=\"description\" content=\"Jetzt einen Flug live verfolgen. Genaue Flugzeugposition &amp; Flugstatus. Weltweite Flugbewegungen &amp; Live Flugverkehr. Echtzeit Flugradar.\" \/>\n<meta name=\"robots\" content=\"index, follow, max-snippet:-1, max-image-preview:large, max-video-preview:-1\" \/>\n<link rel=\"canonical\" href=\"https:\/\/www.flightradarlive.com\/de\/\" \/>\n<meta property=\"og:locale\" content=\"de_DE\" \/>\n<meta property=\"og:type\" content=\"article\" \/>\n<meta property=\"og:title\" content=\"Live Flugverfolgung \u1405 Echtzeit Flugradar &amp; Flugverfolgung\" \/>\n<meta property=\"og:description\" content=\"Jetzt einen Flug live verfolgen. Genaue Flugzeugposition &amp; Flugstatus. Weltweite Flugbewegungen &amp; Live Flugverkehr. Echtzeit Flugradar.\" \/>\n<meta property=\"og:url\" content=\"https:\/\/www.flightradarlive.com\/de\/\" \/>\n<meta property=\"og:site_name\" content=\"Flight Radar Live\" \/>\n<meta property=\"article:modified_time\" content=\"2023-11-20T14:08:20+00:00\" \/>\n<meta name=\"twitter:card\" content=\"summary_large_image\" \/>\n<meta name=\"twitter:label1\" content=\"Gesch\u00e4tzte Lesezeit\" \/>\n\t<meta name=\"twitter:data1\" content=\"4\u00a0Minuten\" \/>\n<script type=\"application\/ld+json\" class=\"yoast-schema-graph\">{\"@context\":\"https:\\\/\\\/schema.org\",\"@graph\":[{\"@type\":\"WebPage\",\"@id\":\"https:\\\/\\\/www.flightradarlive.com\\\/de\\\/\",\"url\":\"https:\\\/\\\/www.flightradarlive.com\\\/de\\\/\",\"name\":\"Live Flugverfolgung \u1405 Echtzeit Flugradar & Flugverfolgung\",\"isPartOf\":{\"@id\":\"https:\\\/\\\/www.flightradarlive.com\\\/#website\"},\"datePublished\":\"2019-11-02T15:26:42+00:00\",\"dateModified\":\"2023-11-20T14:08:20+00:00\",\"description\":\"Jetzt einen Flug live verfolgen. Genaue Flugzeugposition & Flugstatus. Weltweite Flugbewegungen & Live Flugverkehr. Echtzeit Flugradar.\",\"breadcrumb\":{\"@id\":\"https:\\\/\\\/www.flightradarlive.com\\\/de\\\/#breadcrumb\"},\"inLanguage\":\"de\",\"potentialAction\":[{\"@type\":\"ReadAction\",\"target\":[\"https:\\\/\\\/www.flightradarlive.com\\\/de\\\/\"]}]},{\"@type\":\"BreadcrumbList\",\"@id\":\"https:\\\/\\\/www.flightradarlive.com\\\/de\\\/#breadcrumb\",\"itemListElement\":[{\"@type\":\"ListItem\",\"position\":1,\"name\":\"Home\",\"item\":\"https:\\\/\\\/www.flightradarlive.com\\\/de\\\/\"},{\"@type\":\"ListItem\",\"position\":2,\"name\":\"Flight Radar Live &#8211; Online Flug Tracker\"}]},{\"@type\":\"WebSite\",\"@id\":\"https:\\\/\\\/www.flightradarlive.com\\\/#website\",\"url\":\"https:\\\/\\\/www.flightradarlive.com\\\/\",\"name\":\"Flight Radar Live\",\"description\":\"-\",\"publisher\":{\"@id\":\"https:\\\/\\\/www.flightradarlive.com\\\/#organization\"},\"potentialAction\":[{\"@type\":\"SearchAction\",\"target\":{\"@type\":\"EntryPoint\",\"urlTemplate\":\"https:\\\/\\\/www.flightradarlive.com\\\/?s={search_term_string}\"},\"query-input\":{\"@type\":\"PropertyValueSpecification\",\"valueRequired\":true,\"valueName\":\"search_term_string\"}}],\"inLanguage\":\"de\"},{\"@type\":\"Organization\",\"@id\":\"https:\\\/\\\/www.flightradarlive.com\\\/#organization\",\"name\":\"Flight Radar Live\",\"url\":\"https:\\\/\\\/www.flightradarlive.com\\\/\",\"logo\":{\"@type\":\"ImageObject\",\"inLanguage\":\"de\",\"@id\":\"https:\\\/\\\/www.flightradarlive.com\\\/#\\\/schema\\\/logo\\\/image\\\/\",\"url\":\"https:\\\/\\\/www.flightradarlive.com\\\/wp-content\\\/uploads\\\/2019\\\/11\\\/logo.png\",\"contentUrl\":\"https:\\\/\\\/www.flightradarlive.com\\\/wp-content\\\/uploads\\\/2019\\\/11\\\/logo.png\",\"width\":283,\"height\":55,\"caption\":\"Flight Radar Live\"},\"image\":{\"@id\":\"https:\\\/\\\/www.flightradarlive.com\\\/#\\\/schema\\\/logo\\\/image\\\/\"}}]}<\/script>\n<!-- \/ Yoast SEO plugin. -->","yoast_head_json":{"title":"Live Flugverfolgung \u1405 Echtzeit Flugradar & Flugverfolgung","description":"Jetzt einen Flug live verfolgen. Genaue Flugzeugposition & Flugstatus. Weltweite Flugbewegungen & Live Flugverkehr. Echtzeit Flugradar.","robots":{"index":"index","follow":"follow","max-snippet":"max-snippet:-1","max-image-preview":"max-image-preview:large","max-video-preview":"max-video-preview:-1"},"canonical":"https:\/\/www.flightradarlive.com\/de\/","og_locale":"de_DE","og_type":"article","og_title":"Live Flugverfolgung \u1405 Echtzeit Flugradar & Flugverfolgung","og_description":"Jetzt einen Flug live verfolgen. Genaue Flugzeugposition & Flugstatus. Weltweite Flugbewegungen & Live Flugverkehr. Echtzeit Flugradar.","og_url":"https:\/\/www.flightradarlive.com\/de\/","og_site_name":"Flight Radar Live","article_modified_time":"2023-11-20T14:08:20+00:00","twitter_card":"summary_large_image","twitter_misc":{"Gesch\u00e4tzte Lesezeit":"4\u00a0Minuten"},"schema":{"@context":"https:\/\/schema.org","@graph":[{"@type":"WebPage","@id":"https:\/\/www.flightradarlive.com\/de\/","url":"https:\/\/www.flightradarlive.com\/de\/","name":"Live Flugverfolgung \u1405 Echtzeit Flugradar & Flugverfolgung","isPartOf":{"@id":"https:\/\/www.flightradarlive.com\/#website"},"datePublished":"2019-11-02T15:26:42+00:00","dateModified":"2023-11-20T14:08:20+00:00","description":"Jetzt einen Flug live verfolgen. Genaue Flugzeugposition & Flugstatus. Weltweite Flugbewegungen & Live Flugverkehr. Echtzeit Flugradar.","breadcrumb":{"@id":"https:\/\/www.flightradarlive.com\/de\/#breadcrumb"},"inLanguage":"de","potentialAction":[{"@type":"ReadAction","target":["https:\/\/www.flightradarlive.com\/de\/"]}]},{"@type":"BreadcrumbList","@id":"https:\/\/www.flightradarlive.com\/de\/#breadcrumb","itemListElement":[{"@type":"ListItem","position":1,"name":"Home","item":"https:\/\/www.flightradarlive.com\/de\/"},{"@type":"ListItem","position":2,"name":"Flight Radar Live &#8211; Online Flug Tracker"}]},{"@type":"WebSite","@id":"https:\/\/www.flightradarlive.com\/#website","url":"https:\/\/www.flightradarlive.com\/","name":"Flight Radar Live","description":"-","publisher":{"@id":"https:\/\/www.flightradarlive.com\/#organization"},"potentialAction":[{"@type":"SearchAction","target":{"@type":"EntryPoint","urlTemplate":"https:\/\/www.flightradarlive.com\/?s={search_term_string}"},"query-input":{"@type":"PropertyValueSpecification","valueRequired":true,"valueName":"search_term_string"}}],"inLanguage":"de"},{"@type":"Organization","@id":"https:\/\/www.flightradarlive.com\/#organization","name":"Flight Radar Live","url":"https:\/\/www.flightradarlive.com\/","logo":{"@type":"ImageObject","inLanguage":"de","@id":"https:\/\/www.flightradarlive.com\/#\/schema\/logo\/image\/","url":"https:\/\/www.flightradarlive.com\/wp-content\/uploads\/2019\/11\/logo.png","contentUrl":"https:\/\/www.flightradarlive.com\/wp-content\/uploads\/2019\/11\/logo.png","width":283,"height":55,"caption":"Flight Radar Live"},"image":{"@id":"https:\/\/www.flightradarlive.com\/#\/schema\/logo\/image\/"}}]}},"_links":{"self":[{"href":"https:\/\/www.flightradarlive.com\/de\/wp-json\/wp\/v2\/pages\/267","targetHints":{"allow":["GET"]}}],"collection":[{"href":"https:\/\/www.flightradarlive.com\/de\/wp-json\/wp\/v2\/pages"}],"about":[{"href":"https:\/\/www.flightradarlive.com\/de\/wp-json\/wp\/v2\/types\/page"}],"author":[{"embeddable":true,"href":"https:\/\/www.flightradarlive.com\/de\/wp-json\/wp\/v2\/users\/1"}],"replies":[{"embeddable":true,"href":"https:\/\/www.flightradarlive.com\/de\/wp-json\/wp\/v2\/comments?post=267"}],"version-history":[{"count":6,"href":"https:\/\/www.flightradarlive.com\/de\/wp-json\/wp\/v2\/pages\/267\/revisions"}],"predecessor-version":[{"id":336,"href":"https:\/\/www.flightradarlive.com\/de\/wp-json\/wp\/v2\/pages\/267\/revisions\/336"}],"wp:attachment":[{"href":"https:\/\/www.flightradarlive.com\/de\/wp-json\/wp\/v2\/media?parent=267"}],"curies":[{"name":"wp","href":"https:\/\/api.w.org\/{rel}","templated":true}]}}